{"id":5012,"date":"2021-04-27T14:10:32","date_gmt":"2021-04-27T14:10:32","guid":{"rendered":"https:\/\/dev.wissenschaftliche-integritaet.de\/?page_id=5012"},"modified":"2021-06-10T11:15:29","modified_gmt":"2021-06-10T11:15:29","slug":"research-integrity-by-the-dfg","status":"publish","type":"page","link":"https:\/\/dev.wissenschaftliche-integritaet.de\/en\/research-integrity-by-the-dfg\/","title":{"rendered":"Safeguarding of research integrity by the DFG"},"content":{"rendered":"\n<p>The DFG ensures research integrity is maintained at various levels and in different ways:<\/p>\n\n\n\n<ul class=\"wp-block-list\"><li>Enacting of the white paper \u201cSafeguarding Good Scientific Practice\u201d (1998) and the Code of Conduct \u201cGuidelines for Safeguarding Good Research Practice\u201d (2019) by the DFG General Assembly<\/li><li>The requirement for receiving funding from the DFG is that HEIs and non-HEI research institutions implement the 19 guidelines of the Code on a legally binding basis.<\/li><li>When submitting draft proposals or full proposals, and also as part of the DFG\u2019s general funding guidelines as well as those that apply to the funding instruments administered by the DFG, applicants and funding recipients are already obliged to comply with the rules of good research practice; reference is made to the fact that the DFG\u2019s Rules of Procedure for Dealing with Scientific Misconduct (VerfOwF) apply.<\/li><li>In the context of its funding and committee activities, the DFG ensures compliance with the rules of good research practice by applying its regulations on avoiding the appearance of conflicts of interest\/bias, for example.<\/li><li>The DFG conducts its own <a href=\"https:\/\/www.dfg.de\/formulare\/80_01\/index.jsp\" target=\"_blank\" rel=\"noreferrer noopener\">procedures<\/a> to investigate allegations of scientific misconduct if a case falls within its area of responsibility\/authority.<\/li><\/ul>\n\n\n\n<section class=\"main__block background--white\">\n    <div class=\"container-fluid\">\n        <div class=\"row\">\n            <div class=\"col-12 col-md-6 main__block--first\">\n                <h2 class=\"main__block--headiing\">Notes on implementation of the Code<\/h2>\n\n                <p class=\"main__block--text\">Since the Code came into force on 1 August 2019, all HEIs and non-HEI research institutions have had to implement the 19 guidelines on a legally binding basis in order to receive funding from the DFG.<\/p>\n\n                                <a class=\"main__block--button\" href=\"https:\/\/dev.wissenschaftliche-integritaet.de\/en\/notes-on-implementation\/\">Find out more<\/a>\n                            <\/div>\n\n            <div class=\"col-12 col-md-6 main__block--second\">\n                <h2 class=\"main__block--headiing\">Recognition of the Rules of Procedure<\/h2>\n\n                <p class=\"main__block--text\">When they submit a proposal to the DFG, applicants agree to adhere to the principles of good research practice and accept the Rules of Procedure.<\/p>\n\t                            <a class=\"main__block--button\" href=\"https:\/\/dev.wissenschaftliche-integritaet.de\/en\/recognition-of-the-rules-of-procedure\/\">Find out more<\/a>\n\t                        <\/div>\n        <\/div>\n    <\/div>\n<\/section>\n\n\n\n<section class=\"main__block \">\n    <div class=\"container-fluid\">\n        <div class=\"row\">\n            <div class=\"col-12 col-md-6 main__block--first\">\n                <h2 class=\"main__block--headiing\">The DFG procedure in cases of suspected scientific misconduct<\/h2>\n\n                <p class=\"main__block--text\">The DFG procedure upholds the principles of a fair and confidential process. The principle of the presumption of innocence explicitly applies.<\/p>\n\n                                <a class=\"main__block--button\" href=\"https:\/\/dev.wissenschaftliche-integritaet.de\/en\/dfg-procedure-in-cases-of-suspected-scientific-misconduct\/\">Find out more<\/a>\n                            <\/div>\n\n            <div class=\"col-12 col-md-6 main__block--second\">\n                <h2 class=\"main__block--headiing\">Process Guideline for Good Research Practice<\/h2>\n\n                <p class=\"main__block--text\">This guide is intended as a practical aid to contribute to safeguarding good research practice.<\/p>\n\t                            <a class=\"main__block--button\" href=\"https:\/\/dev.wissenschaftliche-integritaet.de\/en\/process-guideline-for-good-research-practice\/\">Find out more<\/a>\n\t                        <\/div>\n        <\/div>\n    <\/div>\n<\/section>\n\n\n\n<section class=\"main__block background--white\">\n    <div class=\"container-fluid\">\n        <div class=\"row\">\n            <div class=\"col-12 col-md-6 main__block--first\">\n                <h2 class=\"main__block--headiing\">DFG Guidelines for Avoiding Conflicts of Interest<\/h2>\n\n                <p class=\"main__block--text\">The appearance of conflicts of interest\/bias is examined at every step of the review process.<\/p>\n\n                                <a class=\"main__block--button\" href=\"https:\/\/dev.wissenschaftliche-integritaet.de\/en\/dfg-guidelines-for-avoiding-conflicts-of-interest\/\">Find out more<\/a>\n                            <\/div>\n\n            <div class=\"col-12 col-md-6 main__block--second\">\n                <h2 class=\"main__block--headiing\">Contact the Research Integrity Team<\/h2>\n\n                <p class=\"main__block--text\">In the event of a suspicion of scientific misconduct, please contact the Research Integrity Team.<\/p>\n\t                            <a class=\"main__block--button\" href=\"https:\/\/dev.wissenschaftliche-integritaet.de\/en\/contact-dfg-research-integrity-team\/\">Find out more<\/a>\n\t                        <\/div>\n        <\/div>\n    <\/div>\n<\/section>\n","protected":false},"excerpt":{"rendered":"<p>En.Die Deutsche Forschungsgemeinschaft (DFG) sichert \u201eWissenschaftliche Integrit\u00e4t\u201c in ihrem Zust\u00e4ndigkeits- und Regelungsbereich auf unterschiedlichen Ebenen und Wegen.<br \/>\nVoraussetzung f\u00fcr den Erhalt von F\u00f6rdermitteln durch die DFG ist, dass die Hochschulen und au\u00dferhochschulischen Forschungseinrichtungen die Ebenen eins und zwei der Leitlinien des Kodex rechtsverbindlich umsetzen. Bereits bei der Einreichung von Antragsskizzen bzw. von Antr\u00e4gen sodann in den Verwendungsrichtlinien der DFG und in den Verwendungsrichtlinien der von der DFG betreuten F\u00f6rderinstrumente erfolgt eine Verpflichtung u. a. der Antragstellerinnen und Antragsteller sowie der Bewilligungsempf\u00e4ngerinnen und Bewilligungsempf\u00e4nger auf die Einhaltung der Regeln guter wissenschaftlicher Praxis und auf die Verfahrensordnung der DFG zum Umgang mit Vorw\u00fcrfen wissenschaftlichen Fehlverhaltens (VerfOwF). In ihrem F\u00f6rder- sowie Gremienhandeln achtet die DFG auf die Einhaltung der Regeln guter wissenschaftlicher Praxis, bspw. \u00fcber die Regelungen zur Befangenheit. <\/p>\n","protected":false},"author":2,"featured_media":0,"parent":0,"menu_order":0,"comment_status":"closed","ping_status":"closed","template":"","meta":{"footnotes":""},"class_list":["post-5012","page","type-page","status-publish","hentry"],"acf":[],"yoast_head":"<!-- This site is optimized with the Yoast SEO plugin v27.4 - https:\/\/yoast.com\/product\/yoast-seo-wordpress\/ -->\n<title>Safeguarding of research integrity by the DFG - Wissenschaftliche Integrit\u00e4t<\/title>\n<meta name=\"robots\" content=\"index, follow, max-snippet:-1, max-image-preview:large, max-video-preview:-1\" \/>\n<link rel=\"canonical\" href=\"https:\/\/dev.wissenschaftliche-integritaet.de\/en\/research-integrity-by-the-dfg\/\" \/>\n<meta property=\"og:locale\" content=\"en_US\" \/>\n<meta property=\"og:type\" content=\"article\" \/>\n<meta property=\"og:title\" content=\"Safeguarding of research integrity by the DFG - Wissenschaftliche Integrit\u00e4t\" \/>\n<meta property=\"og:description\" content=\"En.Die Deutsche Forschungsgemeinschaft (DFG) sichert \u201eWissenschaftliche Integrit\u00e4t\u201c in ihrem Zust\u00e4ndigkeits- und Regelungsbereich auf unterschiedlichen Ebenen und Wegen. Voraussetzung f\u00fcr den Erhalt von F\u00f6rdermitteln durch die DFG ist, dass die Hochschulen und au\u00dferhochschulischen Forschungseinrichtungen die Ebenen eins und zwei der Leitlinien des Kodex rechtsverbindlich umsetzen. Bereits bei der Einreichung von Antragsskizzen bzw. von Antr\u00e4gen sodann in den Verwendungsrichtlinien der DFG und in den Verwendungsrichtlinien der von der DFG betreuten F\u00f6rderinstrumente erfolgt eine Verpflichtung u. a. der Antragstellerinnen und Antragsteller sowie der Bewilligungsempf\u00e4ngerinnen und Bewilligungsempf\u00e4nger auf die Einhaltung der Regeln guter wissenschaftlicher Praxis und auf die Verfahrensordnung der DFG zum Umgang mit Vorw\u00fcrfen wissenschaftlichen Fehlverhaltens (VerfOwF). In ihrem F\u00f6rder- sowie Gremienhandeln achtet die DFG auf die Einhaltung der Regeln guter wissenschaftlicher Praxis, bspw. \u00fcber die Regelungen zur Befangenheit.\" \/>\n<meta property=\"og:url\" content=\"https:\/\/dev.wissenschaftliche-integritaet.de\/en\/research-integrity-by-the-dfg\/\" \/>\n<meta property=\"og:site_name\" content=\"Wissenschaftliche Integrit\u00e4t\" \/>\n<meta property=\"article:modified_time\" content=\"2021-06-10T11:15:29+00:00\" \/>\n<meta property=\"og:image\" content=\"https:\/\/dev.wissenschaftliche-integritaet.de\/wp-content\/uploads\/2020\/02\/dfg-wissenschaftliche-integritaet-defaultimage.png\" \/>\n\t<meta property=\"og:image:width\" content=\"2324\" \/>\n\t<meta property=\"og:image:height\" content=\"1474\" \/>\n\t<meta property=\"og:image:type\" content=\"image\/png\" \/>\n<meta name=\"twitter:card\" content=\"summary_large_image\" \/>\n<meta name=\"twitter:label1\" content=\"Est. reading time\" \/>\n\t<meta name=\"twitter:data1\" content=\"1 minute\" \/>\n<script type=\"application\/ld+json\" class=\"yoast-schema-graph\">{\"@context\":\"https:\\\/\\\/schema.org\",\"@graph\":[{\"@type\":\"WebPage\",\"@id\":\"https:\\\/\\\/dev.wissenschaftliche-integritaet.de\\\/en\\\/research-integrity-by-the-dfg\\\/\",\"url\":\"https:\\\/\\\/dev.wissenschaftliche-integritaet.de\\\/en\\\/research-integrity-by-the-dfg\\\/\",\"name\":\"Safeguarding of research integrity by the DFG - Wissenschaftliche Integrit\u00e4t\",\"isPartOf\":{\"@id\":\"https:\\\/\\\/dev.wissenschaftliche-integritaet.de\\\/#website\"},\"datePublished\":\"2021-04-27T14:10:32+00:00\",\"dateModified\":\"2021-06-10T11:15:29+00:00\",\"breadcrumb\":{\"@id\":\"https:\\\/\\\/dev.wissenschaftliche-integritaet.de\\\/en\\\/research-integrity-by-the-dfg\\\/#breadcrumb\"},\"inLanguage\":\"en-US\",\"potentialAction\":[{\"@type\":\"ReadAction\",\"target\":[\"https:\\\/\\\/dev.wissenschaftliche-integritaet.de\\\/en\\\/research-integrity-by-the-dfg\\\/\"]}]},{\"@type\":\"BreadcrumbList\",\"@id\":\"https:\\\/\\\/dev.wissenschaftliche-integritaet.de\\\/en\\\/research-integrity-by-the-dfg\\\/#breadcrumb\",\"itemListElement\":[{\"@type\":\"ListItem\",\"position\":1,\"name\":\"Home\",\"item\":\"https:\\\/\\\/dev.wissenschaftliche-integritaet.de\\\/en\\\/\"},{\"@type\":\"ListItem\",\"position\":2,\"name\":\"Safeguarding of research integrity by the DFG\"}]},{\"@type\":\"WebSite\",\"@id\":\"https:\\\/\\\/dev.wissenschaftliche-integritaet.de\\\/#website\",\"url\":\"https:\\\/\\\/dev.wissenschaftliche-integritaet.de\\\/\",\"name\":\"Wissenschaftliche Integrit\u00e4t\",\"description\":\"Sicherung guter wissenschaftlicher Praxis\",\"publisher\":{\"@id\":\"https:\\\/\\\/dev.wissenschaftliche-integritaet.de\\\/#organization\"},\"potentialAction\":[{\"@type\":\"SearchAction\",\"target\":{\"@type\":\"EntryPoint\",\"urlTemplate\":\"https:\\\/\\\/dev.wissenschaftliche-integritaet.de\\\/?s={search_term_string}\"},\"query-input\":{\"@type\":\"PropertyValueSpecification\",\"valueRequired\":true,\"valueName\":\"search_term_string\"}}],\"inLanguage\":\"en-US\"},{\"@type\":\"Organization\",\"@id\":\"https:\\\/\\\/dev.wissenschaftliche-integritaet.de\\\/#organization\",\"name\":\"Deutsche Forschungsgemeinschaft e.V.\",\"url\":\"https:\\\/\\\/dev.wissenschaftliche-integritaet.de\\\/\",\"logo\":{\"@type\":\"ImageObject\",\"inLanguage\":\"en-US\",\"@id\":\"https:\\\/\\\/dev.wissenschaftliche-integritaet.de\\\/#\\\/schema\\\/logo\\\/image\\\/\",\"url\":\"https:\\\/\\\/dev.wissenschaftliche-integritaet.de\\\/wp-content\\\/uploads\\\/2020\\\/02\\\/GWP-Logo-v20200213@2x.png\",\"contentUrl\":\"https:\\\/\\\/dev.wissenschaftliche-integritaet.de\\\/wp-content\\\/uploads\\\/2020\\\/02\\\/GWP-Logo-v20200213@2x.png\",\"width\":252,\"height\":70,\"caption\":\"Deutsche Forschungsgemeinschaft e.V.\"},\"image\":{\"@id\":\"https:\\\/\\\/dev.wissenschaftliche-integritaet.de\\\/#\\\/schema\\\/logo\\\/image\\\/\"}}]}<\/script>\n<!-- \/ Yoast SEO plugin. -->","yoast_head_json":{"title":"Safeguarding of research integrity by the DFG - Wissenschaftliche Integrit\u00e4t","robots":{"index":"index","follow":"follow","max-snippet":"max-snippet:-1","max-image-preview":"max-image-preview:large","max-video-preview":"max-video-preview:-1"},"canonical":"https:\/\/dev.wissenschaftliche-integritaet.de\/en\/research-integrity-by-the-dfg\/","og_locale":"en_US","og_type":"article","og_title":"Safeguarding of research integrity by the DFG - Wissenschaftliche Integrit\u00e4t","og_description":"En.Die Deutsche Forschungsgemeinschaft (DFG) sichert \u201eWissenschaftliche Integrit\u00e4t\u201c in ihrem Zust\u00e4ndigkeits- und Regelungsbereich auf unterschiedlichen Ebenen und Wegen. Voraussetzung f\u00fcr den Erhalt von F\u00f6rdermitteln durch die DFG ist, dass die Hochschulen und au\u00dferhochschulischen Forschungseinrichtungen die Ebenen eins und zwei der Leitlinien des Kodex rechtsverbindlich umsetzen. Bereits bei der Einreichung von Antragsskizzen bzw. von Antr\u00e4gen sodann in den Verwendungsrichtlinien der DFG und in den Verwendungsrichtlinien der von der DFG betreuten F\u00f6rderinstrumente erfolgt eine Verpflichtung u. a. der Antragstellerinnen und Antragsteller sowie der Bewilligungsempf\u00e4ngerinnen und Bewilligungsempf\u00e4nger auf die Einhaltung der Regeln guter wissenschaftlicher Praxis und auf die Verfahrensordnung der DFG zum Umgang mit Vorw\u00fcrfen wissenschaftlichen Fehlverhaltens (VerfOwF). In ihrem F\u00f6rder- sowie Gremienhandeln achtet die DFG auf die Einhaltung der Regeln guter wissenschaftlicher Praxis, bspw. \u00fcber die Regelungen zur Befangenheit.","og_url":"https:\/\/dev.wissenschaftliche-integritaet.de\/en\/research-integrity-by-the-dfg\/","og_site_name":"Wissenschaftliche Integrit\u00e4t","article_modified_time":"2021-06-10T11:15:29+00:00","og_image":[{"width":2324,"height":1474,"url":"https:\/\/dev.wissenschaftliche-integritaet.de\/wp-content\/uploads\/2020\/02\/dfg-wissenschaftliche-integritaet-defaultimage.png","type":"image\/png"}],"twitter_card":"summary_large_image","twitter_misc":{"Est. reading time":"1 minute"},"schema":{"@context":"https:\/\/schema.org","@graph":[{"@type":"WebPage","@id":"https:\/\/dev.wissenschaftliche-integritaet.de\/en\/research-integrity-by-the-dfg\/","url":"https:\/\/dev.wissenschaftliche-integritaet.de\/en\/research-integrity-by-the-dfg\/","name":"Safeguarding of research integrity by the DFG - Wissenschaftliche Integrit\u00e4t","isPartOf":{"@id":"https:\/\/dev.wissenschaftliche-integritaet.de\/#website"},"datePublished":"2021-04-27T14:10:32+00:00","dateModified":"2021-06-10T11:15:29+00:00","breadcrumb":{"@id":"https:\/\/dev.wissenschaftliche-integritaet.de\/en\/research-integrity-by-the-dfg\/#breadcrumb"},"inLanguage":"en-US","potentialAction":[{"@type":"ReadAction","target":["https:\/\/dev.wissenschaftliche-integritaet.de\/en\/research-integrity-by-the-dfg\/"]}]},{"@type":"BreadcrumbList","@id":"https:\/\/dev.wissenschaftliche-integritaet.de\/en\/research-integrity-by-the-dfg\/#breadcrumb","itemListElement":[{"@type":"ListItem","position":1,"name":"Home","item":"https:\/\/dev.wissenschaftliche-integritaet.de\/en\/"},{"@type":"ListItem","position":2,"name":"Safeguarding of research integrity by the DFG"}]},{"@type":"WebSite","@id":"https:\/\/dev.wissenschaftliche-integritaet.de\/#website","url":"https:\/\/dev.wissenschaftliche-integritaet.de\/","name":"Wissenschaftliche Integrit\u00e4t","description":"Sicherung guter wissenschaftlicher Praxis","publisher":{"@id":"https:\/\/dev.wissenschaftliche-integritaet.de\/#organization"},"potentialAction":[{"@type":"SearchAction","target":{"@type":"EntryPoint","urlTemplate":"https:\/\/dev.wissenschaftliche-integritaet.de\/?s={search_term_string}"},"query-input":{"@type":"PropertyValueSpecification","valueRequired":true,"valueName":"search_term_string"}}],"inLanguage":"en-US"},{"@type":"Organization","@id":"https:\/\/dev.wissenschaftliche-integritaet.de\/#organization","name":"Deutsche Forschungsgemeinschaft e.V.","url":"https:\/\/dev.wissenschaftliche-integritaet.de\/","logo":{"@type":"ImageObject","inLanguage":"en-US","@id":"https:\/\/dev.wissenschaftliche-integritaet.de\/#\/schema\/logo\/image\/","url":"https:\/\/dev.wissenschaftliche-integritaet.de\/wp-content\/uploads\/2020\/02\/GWP-Logo-v20200213@2x.png","contentUrl":"https:\/\/dev.wissenschaftliche-integritaet.de\/wp-content\/uploads\/2020\/02\/GWP-Logo-v20200213@2x.png","width":252,"height":70,"caption":"Deutsche Forschungsgemeinschaft e.V."},"image":{"@id":"https:\/\/dev.wissenschaftliche-integritaet.de\/#\/schema\/logo\/image\/"}}]}},"_links":{"self":[{"href":"https:\/\/dev.wissenschaftliche-integritaet.de\/en\/wp-json\/wp\/v2\/pages\/5012","targetHints":{"allow":["GET"]}}],"collection":[{"href":"https:\/\/dev.wissenschaftliche-integritaet.de\/en\/wp-json\/wp\/v2\/pages"}],"about":[{"href":"https:\/\/dev.wissenschaftliche-integritaet.de\/en\/wp-json\/wp\/v2\/types\/page"}],"author":[{"embeddable":true,"href":"https:\/\/dev.wissenschaftliche-integritaet.de\/en\/wp-json\/wp\/v2\/users\/2"}],"replies":[{"embeddable":true,"href":"https:\/\/dev.wissenschaftliche-integritaet.de\/en\/wp-json\/wp\/v2\/comments?post=5012"}],"version-history":[{"count":15,"href":"https:\/\/dev.wissenschaftliche-integritaet.de\/en\/wp-json\/wp\/v2\/pages\/5012\/revisions"}],"predecessor-version":[{"id":7147,"href":"https:\/\/dev.wissenschaftliche-integritaet.de\/en\/wp-json\/wp\/v2\/pages\/5012\/revisions\/7147"}],"wp:attachment":[{"href":"https:\/\/dev.wissenschaftliche-integritaet.de\/en\/wp-json\/wp\/v2\/media?parent=5012"}],"curies":[{"name":"wp","href":"https:\/\/api.w.org\/{rel}","templated":true}]}}